{"id":71,"date":"2017-07-12T06:53:59","date_gmt":"2017-07-12T05:53:59","guid":{"rendered":"https:\/\/enjoyyourmates.com\/index.php\/about\/"},"modified":"2025-02-01T19:03:56","modified_gmt":"2025-02-01T18:03:56","slug":"sobre-mi","status":"publish","type":"page","link":"https:\/\/enjoyyourmates.com\/index.php\/sobre-mi\/","title":{"rendered":"Sobre m\u00ed"},"content":{"rendered":"\t\t<div data-elementor-type=\"wp-post\" data-elementor-id=\"71\" class=\"elementor elementor-71\">\n\t\t\t\t\t\t<section class=\"elementor-section elementor-top-section elementor-element elementor-element-7116a5b2 elementor-section-boxed elementor-section-height-default elementor-section-height-default\" data-id=\"7116a5b2\" data-element_type=\"section\" data-e-type=\"section\" data-settings=\"{&quot;background_background&quot;:&quot;classic&quot;}\">\n\t\t\t\t\t\t\t<div class=\"elementor-background-overlay\"><\/div>\n\t\t\t\t\t\t\t<div class=\"elementor-container elementor-column-gap-no\">\n\t\t\t\t\t<div class=\"elementor-column elementor-col-100 elementor-top-column elementor-element elementor-element-6439be06\" data-id=\"6439be06\" data-element_type=\"column\" data-e-type=\"column\" data-settings=\"{&quot;background_background&quot;:&quot;classic&quot;}\">\n\t\t\t<div class=\"elementor-widget-wrap elementor-element-populated\">\n\t\t\t\t\t\t<div class=\"elementor-element elementor-element-198df6ee elementor-widget elementor-widget-heading\" data-id=\"198df6ee\" data-element_type=\"widget\" data-e-type=\"widget\" data-widget_type=\"heading.default\">\n\t\t\t\t<div class=\"elementor-widget-container\">\n\t\t\t\t\t<h1 class=\"elementor-heading-title elementor-size-default\">Sobre m\u00ed<\/h1>\t\t\t\t<\/div>\n\t\t\t\t<\/div>\n\t\t\t\t\t<\/div>\n\t\t<\/div>\n\t\t\t\t\t<\/div>\n\t\t<\/section>\n\t\t\t\t<section class=\"elementor-section elementor-top-section elementor-element elementor-element-66f4ff5 elementor-section-boxed elementor-section-height-default elementor-section-height-default\" data-id=\"66f4ff5\" data-element_type=\"section\" data-e-type=\"section\">\n\t\t\t\t\t\t<div class=\"elementor-container elementor-column-gap-default\">\n\t\t\t\t\t<div class=\"elementor-column elementor-col-100 elementor-top-column elementor-element elementor-element-8871fee\" data-id=\"8871fee\" data-element_type=\"column\" data-e-type=\"column\">\n\t\t\t<div class=\"elementor-widget-wrap elementor-element-populated\">\n\t\t\t\t\t\t<div class=\"elementor-element elementor-element-0d6ad3e elementor-position-top elementor-widget elementor-widget-image-box\" data-id=\"0d6ad3e\" data-element_type=\"widget\" data-e-type=\"widget\" data-widget_type=\"image-box.default\">\n\t\t\t\t<div class=\"elementor-widget-container\">\n\t\t\t\t\t<div class=\"elementor-image-box-wrapper\"><figure class=\"elementor-image-box-img\"><img fetchpriority=\"high\" decoding=\"async\" width=\"768\" height=\"939\" src=\"https:\/\/enjoyyourmates.com\/wp-content\/uploads\/2024\/02\/YoRecortado-768x939.png\" class=\"elementor-animation-grow attachment-medium_large size-medium_large wp-image-2045\" alt=\"\" srcset=\"https:\/\/enjoyyourmates.com\/wp-content\/uploads\/2024\/02\/YoRecortado-768x939.png 768w, https:\/\/enjoyyourmates.com\/wp-content\/uploads\/2024\/02\/YoRecortado-245x300.png 245w, https:\/\/enjoyyourmates.com\/wp-content\/uploads\/2024\/02\/YoRecortado.png 773w\" sizes=\"(max-width: 768px) 100vw, 768px\" \/><\/figure><div class=\"elementor-image-box-content\"><h3 class=\"elementor-image-box-title\">Enjoy your Mates (D. Javier)<\/h3><\/div><\/div>\t\t\t\t<\/div>\n\t\t\t\t<\/div>\n\t\t\t\t\t<\/div>\n\t\t<\/div>\n\t\t\t\t\t<\/div>\n\t\t<\/section>\n\t\t\t\t<section class=\"elementor-section elementor-top-section elementor-element elementor-element-2cfa786 elementor-section-boxed elementor-section-height-default elementor-section-height-default\" data-id=\"2cfa786\" data-element_type=\"section\" data-e-type=\"section\">\n\t\t\t\t\t\t<div class=\"elementor-container elementor-column-gap-default\">\n\t\t\t\t\t<div class=\"elementor-column elementor-col-50 elementor-top-column elementor-element elementor-element-aeaeebe\" data-id=\"aeaeebe\" data-element_type=\"column\" data-e-type=\"column\">\n\t\t\t<div class=\"elementor-widget-wrap elementor-element-populated\">\n\t\t\t\t\t\t<div class=\"elementor-element elementor-element-3e71348 elementor-widget elementor-widget-text-editor\" data-id=\"3e71348\" data-element_type=\"widget\" data-e-type=\"widget\" data-widget_type=\"text-editor.default\">\n\t\t\t\t<div class=\"elementor-widget-container\">\n\t\t\t\t\t\t\t\t\t<blockquote><p><span style=\"font-weight: 400;\">Mi nombre es <\/span><b>Javier Bravo<\/b><span style=\"font-weight: 400;\">, granadino de nacimiento pero madrile\u00f1o de adopci\u00f3n, y soy Ingeniero de Telecomunicaciones por la Universidad de Granada (UGR). Aunque mi titulaci\u00f3n es una ingenier\u00eda, mi verdadera vocaci\u00f3n siempre fue la docencia. Una vez finalizadas las pruebas de Selectividad en 2007, empec\u00e9 a dar clases particulares de <\/span><b>Matem\u00e1ticas y F\u00edsica<\/b><span style=\"font-weight: 400;\"> a diferentes niveles: ESO, Bachillerato, Pruebas de Acceso a la Universidad y Pruebas de Acceso para mayores de 25 a\u00f1os. Desde septiembre de 2018 soy profesor de Matem\u00e1ticas (ESO) y de F\u00edsica (2\u00ba de Bachillerato) en un colegio concertado en Madrid.\u00a0<\/span><\/p><\/blockquote>\t\t\t\t\t\t\t\t<\/div>\n\t\t\t\t<\/div>\n\t\t\t\t\t<\/div>\n\t\t<\/div>\n\t\t\t\t<div class=\"elementor-column elementor-col-50 elementor-top-column elementor-element elementor-element-cada5d4\" data-id=\"cada5d4\" data-element_type=\"column\" data-e-type=\"column\">\n\t\t\t<div class=\"elementor-widget-wrap elementor-element-populated\">\n\t\t\t\t\t\t<div class=\"elementor-element elementor-element-2c616e4 elementor-invisible elementor-widget elementor-widget-image\" data-id=\"2c616e4\" data-element_type=\"widget\" data-e-type=\"widget\" data-settings=\"{&quot;_animation&quot;:&quot;fadeInUp&quot;}\" data-widget_type=\"image.default\">\n\t\t\t\t<div class=\"elementor-widget-container\">\n\t\t\t\t\t\t\t\t\t\t\t\t\t\t\t<img decoding=\"async\" width=\"203\" height=\"300\" src=\"https:\/\/enjoyyourmates.com\/wp-content\/uploads\/2024\/02\/Yo-Sin-Fondo-5-203x300.png\" class=\"attachment-medium size-medium wp-image-2227\" alt=\"\" srcset=\"https:\/\/enjoyyourmates.com\/wp-content\/uploads\/2024\/02\/Yo-Sin-Fondo-5-203x300.png 203w, https:\/\/enjoyyourmates.com\/wp-content\/uploads\/2024\/02\/Yo-Sin-Fondo-5.png 428w\" sizes=\"(max-width: 203px) 100vw, 203px\" \/>\t\t\t\t\t\t\t\t\t\t\t\t\t\t\t<\/div>\n\t\t\t\t<\/div>\n\t\t\t\t\t<\/div>\n\t\t<\/div>\n\t\t\t\t\t<\/div>\n\t\t<\/section>\n\t\t\t\t<section class=\"elementor-section elementor-top-section elementor-element elementor-element-caa62da elementor-section-boxed elementor-section-height-default elementor-section-height-default\" data-id=\"caa62da\" data-element_type=\"section\" data-e-type=\"section\">\n\t\t\t\t\t\t<div class=\"elementor-container elementor-column-gap-default\">\n\t\t\t\t\t<div class=\"elementor-column elementor-col-50 elementor-top-column elementor-element elementor-element-09085c2\" data-id=\"09085c2\" data-element_type=\"column\" data-e-type=\"column\">\n\t\t\t<div class=\"elementor-widget-wrap elementor-element-populated\">\n\t\t\t\t\t\t<div class=\"elementor-element elementor-element-95f6bba elementor-invisible elementor-widget elementor-widget-image\" data-id=\"95f6bba\" data-element_type=\"widget\" data-e-type=\"widget\" data-settings=\"{&quot;_animation&quot;:&quot;bounceInDown&quot;}\" data-widget_type=\"image.default\">\n\t\t\t\t<div class=\"elementor-widget-container\">\n\t\t\t\t\t\t\t\t\t\t\t\t\t\t\t<img decoding=\"async\" width=\"1280\" height=\"720\" src=\"https:\/\/enjoyyourmates.com\/wp-content\/uploads\/2024\/02\/Pizarra-y-letras.png\" class=\"attachment-1536x1536 size-1536x1536 wp-image-2235\" alt=\"\" srcset=\"https:\/\/enjoyyourmates.com\/wp-content\/uploads\/2024\/02\/Pizarra-y-letras.png 1280w, https:\/\/enjoyyourmates.com\/wp-content\/uploads\/2024\/02\/Pizarra-y-letras-300x169.png 300w, https:\/\/enjoyyourmates.com\/wp-content\/uploads\/2024\/02\/Pizarra-y-letras-1024x576.png 1024w, https:\/\/enjoyyourmates.com\/wp-content\/uploads\/2024\/02\/Pizarra-y-letras-768x432.png 768w\" sizes=\"(max-width: 1280px) 100vw, 1280px\" \/>\t\t\t\t\t\t\t\t\t\t\t\t\t\t\t<\/div>\n\t\t\t\t<\/div>\n\t\t\t\t\t<\/div>\n\t\t<\/div>\n\t\t\t\t<div class=\"elementor-column elementor-col-50 elementor-top-column elementor-element elementor-element-01bbc2d\" data-id=\"01bbc2d\" data-element_type=\"column\" data-e-type=\"column\">\n\t\t\t<div class=\"elementor-widget-wrap elementor-element-populated\">\n\t\t\t\t\t\t<div class=\"elementor-element elementor-element-39ac606 elementor-widget elementor-widget-text-editor\" data-id=\"39ac606\" data-element_type=\"widget\" data-e-type=\"widget\" data-widget_type=\"text-editor.default\">\n\t\t\t\t<div class=\"elementor-widget-container\">\n\t\t\t\t\t\t\t\t\t<blockquote style=\"line-height: 1.38; text-align: justify; margin-top: 0pt; margin-bottom: 0pt;\"><p><span style=\"font-size: 11pt; font-family: Arial,sans-serif; color: #000000; background-color: transparent; font-weight: 400; font-style: normal; font-variant: normal; text-decoration: none; vertical-align: baseline; white-space: pre-wrap;\">Mi entusiasmo por la docencia es tal, que he creado mi versi\u00f3n de docente virtual (<\/span><span style=\"font-size: 11pt; font-family: Arial,sans-serif; color: #000000; background-color: transparent; font-weight: bold; font-style: normal; font-variant: normal; text-decoration: none; vertical-align: baseline; white-space: pre-wrap;\">Enjoy your Mates<\/span><span style=\"font-size: 11pt; font-family: Arial,sans-serif; color: #000000; background-color: transparent; font-weight: 400; font-style: normal; font-variant: normal; text-decoration: none; vertical-align: baseline; white-space: pre-wrap;\">) para poder ayudar a m\u00e1s alumnos a\u00fan, no solo a los que tengo en el aula presencial. Intento llegar a ellos mediante el canal de <\/span><span style=\"font-size: 11pt; font-family: Arial,sans-serif; color: #000000; background-color: transparent; font-weight: bold; font-style: normal; font-variant: normal; text-decoration: none; vertical-align: baseline; white-space: pre-wrap;\"><a href=\"https:\/\/www.youtube.com\/channel\/UCWdxNnHWA-MJzvD7sp2FRKA\">Youtube<\/a>, <\/span><span style=\"font-size: 11pt; font-family: Arial,sans-serif; color: #000000; background-color: transparent; font-weight: 400; font-style: normal; font-variant: normal; text-decoration: none; vertical-align: baseline; white-space: pre-wrap;\">el perfil de <\/span><a href=\"https:\/\/www.instagram.com\/enjoyyourmates\/\"><span style=\"font-size: 11pt; font-family: Arial,sans-serif; color: #000000; background-color: transparent; font-weight: bold; font-style: normal; font-variant: normal; text-decoration: none; vertical-align: baseline; white-space: pre-wrap;\">Instagram <\/span><\/a><span style=\"font-size: 11pt; font-family: Arial,sans-serif; color: #000000; background-color: transparent; font-weight: 400; font-style: normal; font-variant: normal; text-decoration: none; vertical-align: baseline; white-space: pre-wrap;\"> y <\/span><a href=\"https:\/\/www.tiktok.com\/@enjoyyourmates?lang=es\"><span style=\"background-color: transparent; font-style: normal; font-variant-numeric: normal; font-variant-east-asian: normal; font-variant-alternates: normal; font-variant-position: normal; white-space-collapse: preserve; font-size: 11pt; font-family: Arial, sans-serif; color: #000000; font-weight: bold; vertical-align: baseline;\">Tiktok<\/span><\/a><span style=\"background-color: transparent; color: #000000; font-family: Arial, sans-serif; font-size: 11pt; font-style: normal; white-space-collapse: preserve;\">. Mi misi\u00f3n siempre fue poder ayudar a que los j\u00f3venes le pierdan el miedo a las Matem\u00e1ticas y la F\u00edsica (probablemente las dos asignaturas m\u00e1s odiadas) y qu\u00e9 mejor forma que hacerlo mediante las redes sociales y utilizando el mismo lenguaje que usan los j\u00f3venes. Realizo v\u00eddeos de explicaciones originales, que no sean simples explicaciones en pizarra porque esto ya lo tienen en el colegio y en sus libros.\u00a0<\/span><\/p><\/blockquote>\t\t\t\t\t\t\t\t<\/div>\n\t\t\t\t<\/div>\n\t\t\t\t\t<\/div>\n\t\t<\/div>\n\t\t\t\t\t<\/div>\n\t\t<\/section>\n\t\t\t\t<section class=\"elementor-section elementor-top-section elementor-element elementor-element-7a6c8d3 elementor-section-boxed elementor-section-height-default elementor-section-height-default\" data-id=\"7a6c8d3\" data-element_type=\"section\" data-e-type=\"section\">\n\t\t\t\t\t\t<div class=\"elementor-container elementor-column-gap-default\">\n\t\t\t\t\t<div class=\"elementor-column elementor-col-50 elementor-top-column elementor-element elementor-element-ebebe0a\" data-id=\"ebebe0a\" data-element_type=\"column\" data-e-type=\"column\">\n\t\t\t<div class=\"elementor-widget-wrap elementor-element-populated\">\n\t\t\t\t\t\t<div class=\"elementor-element elementor-element-32250df elementor-widget elementor-widget-text-editor\" data-id=\"32250df\" data-element_type=\"widget\" data-e-type=\"widget\" data-widget_type=\"text-editor.default\">\n\t\t\t\t<div class=\"elementor-widget-container\">\n\t\t\t\t\t\t\t\t\t<blockquote><p><span style=\"font-size: 11pt; font-family: Arial, sans-serif; color: #000000; background-color: transparent; font-variant-numeric: normal; font-variant-east-asian: normal; font-variant-alternates: normal; font-variant-position: normal; vertical-align: baseline; white-space-collapse: preserve;\">Creo en el <b>humor <\/b>como nexo entre ense\u00f1anza y aprendizaje. Llevo un par de a\u00f1os haciendo v\u00eddeos cortos de <b>divulgaci\u00f3n de Matem\u00e1ticas y F\u00edsica <\/b>en mis redes sociales. Adem\u00e1s, el contenido trabajado en los v\u00eddeos est\u00e1 siempre relacionado con lo que se imparte en la <b>ESO y el Bachillerato<\/b>. El contenido a divulgar lo relaciono con <b>f\u00fatbol, actualidad, programas de televisi\u00f3n, videojuegos, curiosidades<\/b>, etc. Desde enero de 2024 formo parte de una comunidad de divulgadores en redes que se llama<a href=\"https:\/\/scenio.es\/\"> <b>Scenio<\/b><\/a>.<\/span><\/p><p><span style=\"font-weight: 400;\">\u201cSi ha merecido la pena para un solo alumno, ha merecido la pena. Si alg\u00fan d\u00eda dejas de disfrutar de la docencia ser\u00e1 el momento de dar un paso al lado ya que un gran saber, conlleva una gran responsabilidad\u201d. Fdo.: D. Javier Bravo (Enjoy your Mates).<\/span><\/p><p><span style=\"font-size: 11pt; font-family: Arial, sans-serif; color: #000000; background-color: transparent; font-variant-numeric: normal; font-variant-east-asian: normal; font-variant-alternates: normal; font-variant-position: normal; vertical-align: baseline; white-space-collapse: preserve;\">\u00a0<\/span><\/p><\/blockquote>\t\t\t\t\t\t\t\t<\/div>\n\t\t\t\t<\/div>\n\t\t\t\t\t<\/div>\n\t\t<\/div>\n\t\t\t\t<div class=\"elementor-column elementor-col-50 elementor-top-column elementor-element elementor-element-210efba\" data-id=\"210efba\" data-element_type=\"column\" data-e-type=\"column\">\n\t\t\t<div class=\"elementor-widget-wrap elementor-element-populated\">\n\t\t\t\t\t\t<div class=\"elementor-element elementor-element-99192c2 elementor-invisible elementor-widget elementor-widget-image\" data-id=\"99192c2\" data-element_type=\"widget\" data-e-type=\"widget\" data-settings=\"{&quot;_animation&quot;:&quot;slideInLeft&quot;}\" data-widget_type=\"image.default\">\n\t\t\t\t<div class=\"elementor-widget-container\">\n\t\t\t\t\t\t\t\t\t\t\t\t\t\t\t<img loading=\"lazy\" decoding=\"async\" width=\"169\" height=\"300\" src=\"https:\/\/enjoyyourmates.com\/wp-content\/uploads\/2024\/02\/Sigueme-En-Youtube-Instagram-Tiktok-169x300.png\" class=\"attachment-medium size-medium wp-image-2059\" alt=\"\" srcset=\"https:\/\/enjoyyourmates.com\/wp-content\/uploads\/2024\/02\/Sigueme-En-Youtube-Instagram-Tiktok-169x300.png 169w, https:\/\/enjoyyourmates.com\/wp-content\/uploads\/2024\/02\/Sigueme-En-Youtube-Instagram-Tiktok-578x1024.png 578w, https:\/\/enjoyyourmates.com\/wp-content\/uploads\/2024\/02\/Sigueme-En-Youtube-Instagram-Tiktok.png 583w\" sizes=\"(max-width: 169px) 100vw, 169px\" \/>\t\t\t\t\t\t\t\t\t\t\t\t\t\t\t<\/div>\n\t\t\t\t<\/div>\n\t\t\t\t\t<\/div>\n\t\t<\/div>\n\t\t\t\t\t<\/div>\n\t\t<\/section>\n\t\t\t\t<\/div>\n\t\t","protected":false},"excerpt":{"rendered":"<p>Sobre m\u00ed Enjoy your Mates (D. Javier) Mi nombre es Javier Bravo, granadino de nacimiento pero madrile\u00f1o de adopci\u00f3n, y soy Ingeniero de Telecomunicaciones por la Universidad de Granada (UGR). Aunque mi titulaci\u00f3n es una ingenier\u00eda, mi verdadera vocaci\u00f3n siempre fue la docencia. Una vez finalizadas las pruebas de Selectividad en 2007, empec\u00e9 a dar [&hellip;]<\/p>\n","protected":false},"author":1,"featured_media":0,"parent":0,"menu_order":0,"comment_status":"closed","ping_status":"closed","template":"","meta":{"om_disable_all_campaigns":false,"_monsterinsights_skip_tracking":false,"_monsterinsights_sitenote_active":false,"_monsterinsights_sitenote_note":"","_monsterinsights_sitenote_category":0,"site-sidebar-layout":"no-sidebar","site-content-layout":"page-builder","ast-site-content-layout":"default","site-content-style":"default","site-sidebar-style":"default","ast-global-header-display":"","ast-banner-title-visibility":"","ast-main-header-display":"","ast-hfb-above-header-display":"","ast-hfb-below-header-display":"","ast-hfb-mobile-header-display":"","site-post-title":"disabled","ast-breadcrumbs-content":"","ast-featured-img":"disabled","footer-sml-layout":"","ast-disable-related-posts":"","theme-transparent-header-meta":"enabled","adv-header-id-meta":"","stick-header-meta":"","header-above-stick-meta":"","header-main-stick-meta":"","header-below-stick-meta":"","astra-migrate-meta-layouts":"default","ast-page-background-enabled":"default","ast-page-background-meta":{"desktop":{"background-color":"","background-image":"","background-repeat":"repeat","background-position":"center center","background-size":"auto","background-attachment":"scroll","background-type":"","background-media":"","overlay-type":"","overlay-color":"","overlay-opacity":"","overlay-gradient":""},"tablet":{"background-color":"","background-image":"","background-repeat":"repeat","background-position":"center center","background-size":"auto","background-attachment":"scroll","background-type":"","background-media":"","overlay-type":"","overlay-color":"","overlay-opacity":"","overlay-gradient":""},"mobile":{"background-color":"","background-image":"","background-repeat":"repeat","background-position":"center center","background-size":"auto","background-attachment":"scroll","background-type":"","background-media":"","overlay-type":"","overlay-color":"","overlay-opacity":"","overlay-gradient":""}},"ast-content-background-meta":{"desktop":{"background-color":"var(--ast-global-color-5)","background-image":"","background-repeat":"repeat","background-position":"center center","background-size":"auto","background-attachment":"scroll","background-type":"","background-media":"","overlay-type":"","overlay-color":"","overlay-opacity":"","overlay-gradient":""},"tablet":{"background-color":"var(--ast-global-color-5)","background-image":"","background-repeat":"repeat","background-position":"center center","background-size":"auto","background-attachment":"scroll","background-type":"","background-media":"","overlay-type":"","overlay-color":"","overlay-opacity":"","overlay-gradient":""},"mobile":{"background-color":"var(--ast-global-color-5)","background-image":"","background-repeat":"repeat","background-position":"center center","background-size":"auto","background-attachment":"scroll","background-type":"","background-media":"","overlay-type":"","overlay-color":"","overlay-opacity":"","overlay-gradient":""}},"footnotes":""},"class_list":["post-71","page","type-page","status-publish","hentry"],"aioseo_notices":[],"_links":{"self":[{"href":"https:\/\/enjoyyourmates.com\/index.php\/wp-json\/wp\/v2\/pages\/71","targetHints":{"allow":["GET"]}}],"collection":[{"href":"https:\/\/enjoyyourmates.com\/index.php\/wp-json\/wp\/v2\/pages"}],"about":[{"href":"https:\/\/enjoyyourmates.com\/index.php\/wp-json\/wp\/v2\/types\/page"}],"author":[{"embeddable":true,"href":"https:\/\/enjoyyourmates.com\/index.php\/wp-json\/wp\/v2\/users\/1"}],"replies":[{"embeddable":true,"href":"https:\/\/enjoyyourmates.com\/index.php\/wp-json\/wp\/v2\/comments?post=71"}],"version-history":[{"count":66,"href":"https:\/\/enjoyyourmates.com\/index.php\/wp-json\/wp\/v2\/pages\/71\/revisions"}],"predecessor-version":[{"id":3183,"href":"https:\/\/enjoyyourmates.com\/index.php\/wp-json\/wp\/v2\/pages\/71\/revisions\/3183"}],"wp:attachment":[{"href":"https:\/\/enjoyyourmates.com\/index.php\/wp-json\/wp\/v2\/media?parent=71"}],"curies":[{"name":"wp","href":"https:\/\/api.w.org\/{rel}","templated":true}]}}