{"id":2286,"date":"2024-09-23T14:30:43","date_gmt":"2024-09-23T13:30:43","guid":{"rendered":"https:\/\/enjoyyourmates.com\/?page_id=2286"},"modified":"2024-09-23T18:47:13","modified_gmt":"2024-09-23T17:47:13","slug":"explicaciones-fisica-2bachillerato","status":"publish","type":"page","link":"https:\/\/enjoyyourmates.com\/index.php\/explicaciones-fisica-2bachillerato\/","title":{"rendered":"2\u00ba Bachillerato"},"content":{"rendered":"\t\t<div data-elementor-type=\"wp-page\" data-elementor-id=\"2286\" class=\"elementor elementor-2286\">\n\t\t\t\t\t\t<section class=\"elementor-section elementor-top-section elementor-element elementor-element-3a2c8b4 elementor-section-boxed elementor-section-height-default elementor-section-height-default\" data-id=\"3a2c8b4\" data-element_type=\"section\" data-e-type=\"section\">\n\t\t\t\t\t\t<div class=\"elementor-container elementor-column-gap-default\">\n\t\t\t\t\t<div class=\"elementor-column elementor-col-50 elementor-top-column elementor-element elementor-element-8485958\" data-id=\"8485958\" data-element_type=\"column\" data-e-type=\"column\">\n\t\t\t<div class=\"elementor-widget-wrap elementor-element-populated\">\n\t\t\t\t\t\t<div class=\"elementor-element elementor-element-16a586a elementor-widget elementor-widget-text-editor\" data-id=\"16a586a\" data-element_type=\"widget\" data-e-type=\"widget\" data-widget_type=\"text-editor.default\">\n\t\t\t\t<div class=\"elementor-widget-container\">\n\t\t\t\t\t\t\t\t\t<p>En esta web encontrar\u00e1s los apuntes necesarios para poder preparar la asignatura de <b>F\u00edsica de 2\u00ba de Bachillerato<\/b>. Estos apuntes han sido elaborados desde el 2021 hasta el 2024 con la finalidad de ayudarte con la <b>prueba de acceso a la universidad (EVAU) de Madrid<\/b> tal y como se ha planteado hasta el curso 2023\/2024. A la derecha, podr\u00e1s encontrar un resumen de los temas que te ir\u00e1s encontrando m\u00e1s abajo. Los 5 primeros temas os los encontrar\u00e9is te\u00f3ricamente desarrollados con todos los puntos fundamentales para poder conocer el tema y poder realizar con \u00e9xito los ejercicios. La pr\u00e1ctica me dice, que cuando se llega a la \u00faltima parte del temario de este curso, F\u00edsica moderna, es m\u00e1s pr\u00e1ctico que se os facilite un formulario con las f\u00f3rmulas necesarias para realizar los ejercicios de estos temas que ir desarrollando toda la teor\u00eda, esto es lo que encontrar\u00e9is en los 3 \u00faltimos temas.<\/p><p>Adem\u00e1s, hay una relaci\u00f3n de <b>144 ejercicios<\/b> (tipo prueba de acceso a la universidad) <b>resueltos<\/b> paso a paso de mi pu\u00f1o y letra para que puedas convertirte en una aut\u00e9ntica matem\u00e1quina f\u00edsica.<\/p><p>#F\u00edsica #2Bachillerato #2\u00baBachillerato #EVAU #EBAU #PEVAU #Madrid<\/p>\t\t\t\t\t\t\t\t<\/div>\n\t\t\t\t<\/div>\n\t\t\t\t\t<\/div>\n\t\t<\/div>\n\t\t\t\t<div class=\"elementor-column elementor-col-50 elementor-top-column elementor-element elementor-element-836c4a5\" data-id=\"836c4a5\" data-element_type=\"column\" data-e-type=\"column\">\n\t\t\t<div class=\"elementor-widget-wrap elementor-element-populated\">\n\t\t\t\t\t\t<div class=\"elementor-element elementor-element-9ebcdd0 elementor-widget elementor-widget-text-editor\" data-id=\"9ebcdd0\" data-element_type=\"widget\" data-e-type=\"widget\" data-widget_type=\"text-editor.default\">\n\t\t\t\t<div class=\"elementor-widget-container\">\n\t\t\t\t\t\t\t\t\t<ul><li>\u00a0<strong>Tema 1. Campo gravitatorio.<\/strong><\/li><li><strong>Tema 2. Campo el\u00e9ctrico.<\/strong><\/li><li><strong>Tema 3. Campo magn\u00e9tico e inducci\u00f3n electromagn\u00e9tica.<\/strong><\/li><li><strong>Tema 4. Movimiento ondulatorio.<\/strong><\/li><li><strong>Tema 5. \u00d3ptica f\u00edsica y geom\u00e9trica.<\/strong><\/li><li><strong>Tema 6. F\u00edsica nuclear: desintegraci\u00f3n (formulario).<\/strong><\/li><li><strong>Tema 7. F\u00edsica cu\u00e1ntica: efecto fotoel\u00e9ctrico y l\u00e1ser (formulario).<\/strong><\/li><li><strong>Tema 8. F\u00edsica relativista: equivalencia masa &#8211; energ\u00eda, energ\u00eda fotones y Lorentz (formulario).<\/strong><\/li><\/ul><blockquote><p><strong style=\"font-style: inherit; background-color: var(--ast-global-color-4); color: var(--ast-global-color-3);\"><span style=\"font-size: 17.6px; font-style: italic;\"><u style=\"font-style: normal;\">\u00a1\u00a1\u00a1 144 ejercicios tipo EVAU Madrid resueltos paso a paso !!!<\/u><\/span><\/strong><\/p><\/blockquote><p><strong style=\"background-color: var(--ast-global-color-4); color: var(--ast-global-color-3);\"><span style=\"font-size: 17.6px;\"><i>(Haz click en las im\u00e1genes de abajo para ver o descargar)<\/i><\/span><\/strong><\/p>\t\t\t\t\t\t\t\t<\/div>\n\t\t\t\t<\/div>\n\t\t\t\t\t<\/div>\n\t\t<\/div>\n\t\t\t\t\t<\/div>\n\t\t<\/section>\n\t\t\t\t<section class=\"elementor-section elementor-top-section elementor-element elementor-element-6969388 elementor-section-boxed elementor-section-height-default elementor-section-height-default\" data-id=\"6969388\" data-element_type=\"section\" data-e-type=\"section\">\n\t\t\t\t\t\t<div class=\"elementor-container elementor-column-gap-default\">\n\t\t\t\t\t<div class=\"elementor-column elementor-col-50 elementor-top-column elementor-element elementor-element-33c524b\" data-id=\"33c524b\" data-element_type=\"column\" data-e-type=\"column\">\n\t\t\t<div class=\"elementor-widget-wrap elementor-element-populated\">\n\t\t\t\t\t\t<div class=\"elementor-element elementor-element-0aaedff elementor-widget elementor-widget-image\" data-id=\"0aaedff\" data-element_type=\"widget\" data-e-type=\"widget\" data-widget_type=\"image.default\">\n\t\t\t\t<div class=\"elementor-widget-container\">\n\t\t\t\t\t\t\t\t\t\t\t\t\t\t\t\t<a href=\"https:\/\/drive.google.com\/file\/d\/1qcOuXtnJajAMCu1bonf8GiK_iL-OOvYL\/view?usp=sharing\">\n\t\t\t\t\t\t\t<img fetchpriority=\"high\" decoding=\"async\" width=\"593\" height=\"806\" src=\"https:\/\/enjoyyourmates.com\/wp-content\/uploads\/2024\/09\/9.png\" class=\"attachment-large size-large wp-image-2344\" alt=\"\" srcset=\"https:\/\/enjoyyourmates.com\/wp-content\/uploads\/2024\/09\/9.png 593w, https:\/\/enjoyyourmates.com\/wp-content\/uploads\/2024\/09\/9-221x300.png 221w\" sizes=\"(max-width: 593px) 100vw, 593px\" \/>\t\t\t\t\t\t\t\t<\/a>\n\t\t\t\t\t\t\t\t\t\t\t\t\t\t\t<\/div>\n\t\t\t\t<\/div>\n\t\t\t\t\t<\/div>\n\t\t<\/div>\n\t\t\t\t<div class=\"elementor-column elementor-col-50 elementor-top-column elementor-element elementor-element-91ef1cf\" data-id=\"91ef1cf\" data-element_type=\"column\" data-e-type=\"column\">\n\t\t\t<div class=\"elementor-widget-wrap elementor-element-populated\">\n\t\t\t\t\t\t<div class=\"elementor-element elementor-element-644e23a elementor-widget elementor-widget-image\" data-id=\"644e23a\" data-element_type=\"widget\" data-e-type=\"widget\" data-widget_type=\"image.default\">\n\t\t\t\t<div class=\"elementor-widget-container\">\n\t\t\t\t\t\t\t\t\t\t\t\t\t\t\t\t<a href=\"https:\/\/drive.google.com\/file\/d\/1EEMTP6DndeU_R0-c_LPUSgJK1PokcZES\/view?usp=sharing\">\n\t\t\t\t\t\t\t<img decoding=\"async\" width=\"674\" height=\"958\" src=\"https:\/\/enjoyyourmates.com\/wp-content\/uploads\/2024\/09\/10-2.png\" class=\"attachment-large size-large wp-image-2362\" alt=\"\" srcset=\"https:\/\/enjoyyourmates.com\/wp-content\/uploads\/2024\/09\/10-2.png 674w, https:\/\/enjoyyourmates.com\/wp-content\/uploads\/2024\/09\/10-2-211x300.png 211w\" sizes=\"(max-width: 674px) 100vw, 674px\" \/>\t\t\t\t\t\t\t\t<\/a>\n\t\t\t\t\t\t\t\t\t\t\t\t\t\t\t<\/div>\n\t\t\t\t<\/div>\n\t\t\t\t\t<\/div>\n\t\t<\/div>\n\t\t\t\t\t<\/div>\n\t\t<\/section>\n\t\t\t\t<section class=\"elementor-section elementor-top-section elementor-element elementor-element-d959db1 elementor-section-boxed elementor-section-height-default elementor-section-height-default\" data-id=\"d959db1\" data-element_type=\"section\" data-e-type=\"section\">\n\t\t\t\t\t\t<div class=\"elementor-container elementor-column-gap-default\">\n\t\t\t\t\t<div class=\"elementor-column elementor-col-33 elementor-top-column elementor-element elementor-element-0f1c07c\" data-id=\"0f1c07c\" data-element_type=\"column\" data-e-type=\"column\">\n\t\t\t<div class=\"elementor-widget-wrap elementor-element-populated\">\n\t\t\t\t\t\t<div class=\"elementor-element elementor-element-dcc063e elementor-widget elementor-widget-image\" data-id=\"dcc063e\" data-element_type=\"widget\" data-e-type=\"widget\" data-widget_type=\"image.default\">\n\t\t\t\t<div class=\"elementor-widget-container\">\n\t\t\t\t\t\t\t\t\t\t\t\t\t\t\t\t<a href=\"https:\/\/drive.google.com\/file\/d\/1zsyKTJR7evMMwAAh66n_4mcXTvOdJpaF\/view?usp=sharing\">\n\t\t\t\t\t\t\t<img decoding=\"async\" width=\"678\" height=\"946\" src=\"https:\/\/enjoyyourmates.com\/wp-content\/uploads\/2024\/09\/1.png\" class=\"attachment-large size-large wp-image-2306\" alt=\"\" srcset=\"https:\/\/enjoyyourmates.com\/wp-content\/uploads\/2024\/09\/1.png 678w, https:\/\/enjoyyourmates.com\/wp-content\/uploads\/2024\/09\/1-215x300.png 215w\" sizes=\"(max-width: 678px) 100vw, 678px\" \/>\t\t\t\t\t\t\t\t<\/a>\n\t\t\t\t\t\t\t\t\t\t\t\t\t\t\t<\/div>\n\t\t\t\t<\/div>\n\t\t\t\t\t<\/div>\n\t\t<\/div>\n\t\t\t\t<div class=\"elementor-column elementor-col-33 elementor-top-column elementor-element elementor-element-c629c87\" data-id=\"c629c87\" data-element_type=\"column\" data-e-type=\"column\">\n\t\t\t<div class=\"elementor-widget-wrap elementor-element-populated\">\n\t\t\t\t\t\t<div class=\"elementor-element elementor-element-81dcb49 elementor-widget elementor-widget-image\" data-id=\"81dcb49\" data-element_type=\"widget\" data-e-type=\"widget\" data-widget_type=\"image.default\">\n\t\t\t\t<div class=\"elementor-widget-container\">\n\t\t\t\t\t\t\t\t\t\t\t\t\t\t\t\t<a href=\"https:\/\/drive.google.com\/file\/d\/11zB20pjmtobdsXl0c5upzCYMt9sTyL51\/view?usp=sharing\">\n\t\t\t\t\t\t\t<img loading=\"lazy\" decoding=\"async\" width=\"669\" height=\"949\" src=\"https:\/\/enjoyyourmates.com\/wp-content\/uploads\/2024\/09\/2.png\" class=\"attachment-large size-large wp-image-2311\" alt=\"\" srcset=\"https:\/\/enjoyyourmates.com\/wp-content\/uploads\/2024\/09\/2.png 669w, https:\/\/enjoyyourmates.com\/wp-content\/uploads\/2024\/09\/2-211x300.png 211w\" sizes=\"(max-width: 669px) 100vw, 669px\" \/>\t\t\t\t\t\t\t\t<\/a>\n\t\t\t\t\t\t\t\t\t\t\t\t\t\t\t<\/div>\n\t\t\t\t<\/div>\n\t\t\t\t\t<\/div>\n\t\t<\/div>\n\t\t\t\t<div class=\"elementor-column elementor-col-33 elementor-top-column elementor-element elementor-element-6be6206\" data-id=\"6be6206\" data-element_type=\"column\" data-e-type=\"column\">\n\t\t\t<div class=\"elementor-widget-wrap elementor-element-populated\">\n\t\t\t\t\t\t<div class=\"elementor-element elementor-element-2729f28 elementor-widget elementor-widget-image\" data-id=\"2729f28\" data-element_type=\"widget\" data-e-type=\"widget\" data-widget_type=\"image.default\">\n\t\t\t\t<div class=\"elementor-widget-container\">\n\t\t\t\t\t\t\t\t\t\t\t\t\t\t\t\t<a href=\"https:\/\/drive.google.com\/file\/d\/1YiixOuy_r4MAx9kXum7DeEenG3v4bUvP\/view?usp=sharing\">\n\t\t\t\t\t\t\t<img loading=\"lazy\" decoding=\"async\" width=\"671\" height=\"944\" src=\"https:\/\/enjoyyourmates.com\/wp-content\/uploads\/2024\/09\/3.png\" class=\"attachment-large size-large wp-image-2315\" alt=\"\" srcset=\"https:\/\/enjoyyourmates.com\/wp-content\/uploads\/2024\/09\/3.png 671w, https:\/\/enjoyyourmates.com\/wp-content\/uploads\/2024\/09\/3-213x300.png 213w\" sizes=\"(max-width: 671px) 100vw, 671px\" \/>\t\t\t\t\t\t\t\t<\/a>\n\t\t\t\t\t\t\t\t\t\t\t\t\t\t\t<\/div>\n\t\t\t\t<\/div>\n\t\t\t\t\t<\/div>\n\t\t<\/div>\n\t\t\t\t\t<\/div>\n\t\t<\/section>\n\t\t\t\t<section class=\"elementor-section elementor-top-section elementor-element elementor-element-68370e8 elementor-section-boxed elementor-section-height-default elementor-section-height-default\" data-id=\"68370e8\" data-element_type=\"section\" data-e-type=\"section\">\n\t\t\t\t\t\t<div class=\"elementor-container elementor-column-gap-default\">\n\t\t\t\t\t<div class=\"elementor-column elementor-col-33 elementor-top-column elementor-element elementor-element-309c002\" data-id=\"309c002\" data-element_type=\"column\" data-e-type=\"column\">\n\t\t\t<div class=\"elementor-widget-wrap elementor-element-populated\">\n\t\t\t\t\t\t<div class=\"elementor-element elementor-element-bc409a5 elementor-widget elementor-widget-image\" data-id=\"bc409a5\" data-element_type=\"widget\" data-e-type=\"widget\" data-widget_type=\"image.default\">\n\t\t\t\t<div class=\"elementor-widget-container\">\n\t\t\t\t\t\t\t\t\t\t\t\t\t\t\t\t<a href=\"https:\/\/drive.google.com\/file\/d\/1uZCH_YPGUBh08p0AF-D08ASP1O502SF_\/view?usp=sharing\">\n\t\t\t\t\t\t\t<img loading=\"lazy\" decoding=\"async\" width=\"668\" height=\"951\" src=\"https:\/\/enjoyyourmates.com\/wp-content\/uploads\/2024\/09\/4.png\" class=\"attachment-large size-large wp-image-2319\" alt=\"\" srcset=\"https:\/\/enjoyyourmates.com\/wp-content\/uploads\/2024\/09\/4.png 668w, https:\/\/enjoyyourmates.com\/wp-content\/uploads\/2024\/09\/4-211x300.png 211w\" sizes=\"(max-width: 668px) 100vw, 668px\" \/>\t\t\t\t\t\t\t\t<\/a>\n\t\t\t\t\t\t\t\t\t\t\t\t\t\t\t<\/div>\n\t\t\t\t<\/div>\n\t\t\t\t\t<\/div>\n\t\t<\/div>\n\t\t\t\t<div class=\"elementor-column elementor-col-33 elementor-top-column elementor-element elementor-element-18c7c49\" data-id=\"18c7c49\" data-element_type=\"column\" data-e-type=\"column\">\n\t\t\t<div class=\"elementor-widget-wrap elementor-element-populated\">\n\t\t\t\t\t\t<div class=\"elementor-element elementor-element-cd784d9 elementor-widget elementor-widget-image\" data-id=\"cd784d9\" data-element_type=\"widget\" data-e-type=\"widget\" data-widget_type=\"image.default\">\n\t\t\t\t<div class=\"elementor-widget-container\">\n\t\t\t\t\t\t\t\t\t\t\t\t\t\t\t\t<a href=\"https:\/\/drive.google.com\/file\/d\/1mGLdkq-RzM016A22vZgk4mbkq_QHdRvf\/view?usp=sharing\">\n\t\t\t\t\t\t\t<img loading=\"lazy\" decoding=\"async\" width=\"674\" height=\"947\" src=\"https:\/\/enjoyyourmates.com\/wp-content\/uploads\/2024\/09\/5.png\" class=\"attachment-large size-large wp-image-2324\" alt=\"\" srcset=\"https:\/\/enjoyyourmates.com\/wp-content\/uploads\/2024\/09\/5.png 674w, https:\/\/enjoyyourmates.com\/wp-content\/uploads\/2024\/09\/5-214x300.png 214w\" sizes=\"(max-width: 674px) 100vw, 674px\" \/>\t\t\t\t\t\t\t\t<\/a>\n\t\t\t\t\t\t\t\t\t\t\t\t\t\t\t<\/div>\n\t\t\t\t<\/div>\n\t\t\t\t\t<\/div>\n\t\t<\/div>\n\t\t\t\t<div class=\"elementor-column elementor-col-33 elementor-top-column elementor-element elementor-element-cd4d3fb\" data-id=\"cd4d3fb\" data-element_type=\"column\" data-e-type=\"column\">\n\t\t\t<div class=\"elementor-widget-wrap elementor-element-populated\">\n\t\t\t\t\t\t<div class=\"elementor-element elementor-element-8a48e68 elementor-widget elementor-widget-image\" data-id=\"8a48e68\" data-element_type=\"widget\" data-e-type=\"widget\" data-widget_type=\"image.default\">\n\t\t\t\t<div class=\"elementor-widget-container\">\n\t\t\t\t\t\t\t\t\t\t\t\t\t\t\t\t<a href=\"https:\/\/drive.google.com\/file\/d\/1UMpeAnEH19WMYRjowLe22rlnFaud9voA\/view?usp=sharing\">\n\t\t\t\t\t\t\t<img loading=\"lazy\" decoding=\"async\" width=\"670\" height=\"949\" src=\"https:\/\/enjoyyourmates.com\/wp-content\/uploads\/2024\/09\/6.png\" class=\"attachment-large size-large wp-image-2329\" alt=\"\" srcset=\"https:\/\/enjoyyourmates.com\/wp-content\/uploads\/2024\/09\/6.png 670w, https:\/\/enjoyyourmates.com\/wp-content\/uploads\/2024\/09\/6-212x300.png 212w\" sizes=\"(max-width: 670px) 100vw, 670px\" \/>\t\t\t\t\t\t\t\t<\/a>\n\t\t\t\t\t\t\t\t\t\t\t\t\t\t\t<\/div>\n\t\t\t\t<\/div>\n\t\t\t\t\t<\/div>\n\t\t<\/div>\n\t\t\t\t\t<\/div>\n\t\t<\/section>\n\t\t\t\t<section class=\"elementor-section elementor-top-section elementor-element elementor-element-39fdd2b elementor-section-boxed elementor-section-height-default elementor-section-height-default\" data-id=\"39fdd2b\" data-element_type=\"section\" data-e-type=\"section\">\n\t\t\t\t\t\t<div class=\"elementor-container elementor-column-gap-default\">\n\t\t\t\t\t<div class=\"elementor-column elementor-col-33 elementor-top-column elementor-element elementor-element-23eeb4f\" data-id=\"23eeb4f\" data-element_type=\"column\" data-e-type=\"column\">\n\t\t\t<div class=\"elementor-widget-wrap elementor-element-populated\">\n\t\t\t\t\t\t<div class=\"elementor-element elementor-element-6e466aa elementor-widget elementor-widget-image\" data-id=\"6e466aa\" data-element_type=\"widget\" data-e-type=\"widget\" data-widget_type=\"image.default\">\n\t\t\t\t<div class=\"elementor-widget-container\">\n\t\t\t\t\t\t\t\t\t\t\t\t\t\t\t\t<a href=\"https:\/\/drive.google.com\/file\/d\/11__OQEaqf88kolOqeJzXczGs5pf6UFIs\/view?usp=sharing\">\n\t\t\t\t\t\t\t<img loading=\"lazy\" decoding=\"async\" width=\"671\" height=\"950\" src=\"https:\/\/enjoyyourmates.com\/wp-content\/uploads\/2024\/09\/7.png\" class=\"attachment-large size-large wp-image-2333\" alt=\"\" srcset=\"https:\/\/enjoyyourmates.com\/wp-content\/uploads\/2024\/09\/7.png 671w, https:\/\/enjoyyourmates.com\/wp-content\/uploads\/2024\/09\/7-212x300.png 212w\" sizes=\"(max-width: 671px) 100vw, 671px\" \/>\t\t\t\t\t\t\t\t<\/a>\n\t\t\t\t\t\t\t\t\t\t\t\t\t\t\t<\/div>\n\t\t\t\t<\/div>\n\t\t\t\t\t<\/div>\n\t\t<\/div>\n\t\t\t\t<div class=\"elementor-column elementor-col-33 elementor-top-column elementor-element elementor-element-ff77aa8\" data-id=\"ff77aa8\" data-element_type=\"column\" data-e-type=\"column\">\n\t\t\t<div class=\"elementor-widget-wrap elementor-element-populated\">\n\t\t\t\t\t\t<div class=\"elementor-element elementor-element-0b03fd7 elementor-widget elementor-widget-image\" data-id=\"0b03fd7\" data-element_type=\"widget\" data-e-type=\"widget\" data-widget_type=\"image.default\">\n\t\t\t\t<div class=\"elementor-widget-container\">\n\t\t\t\t\t\t\t\t\t\t\t\t\t\t\t\t<a href=\"https:\/\/drive.google.com\/file\/d\/1u7OK-xJ60Iad9zzlX_rC-wVQaF-AKiNW\/view?usp=sharing\">\n\t\t\t\t\t\t\t<img loading=\"lazy\" decoding=\"async\" width=\"674\" height=\"953\" src=\"https:\/\/enjoyyourmates.com\/wp-content\/uploads\/2024\/09\/8-1.png\" class=\"attachment-large size-large wp-image-2377\" alt=\"\" srcset=\"https:\/\/enjoyyourmates.com\/wp-content\/uploads\/2024\/09\/8-1.png 674w, https:\/\/enjoyyourmates.com\/wp-content\/uploads\/2024\/09\/8-1-212x300.png 212w\" sizes=\"(max-width: 674px) 100vw, 674px\" \/>\t\t\t\t\t\t\t\t<\/a>\n\t\t\t\t\t\t\t\t\t\t\t\t\t\t\t<\/div>\n\t\t\t\t<\/div>\n\t\t\t\t\t<\/div>\n\t\t<\/div>\n\t\t\t\t<div class=\"elementor-column elementor-col-33 elementor-top-column elementor-element elementor-element-368b3cb\" data-id=\"368b3cb\" data-element_type=\"column\" data-e-type=\"column\">\n\t\t\t<div class=\"elementor-widget-wrap\">\n\t\t\t\t\t\t\t<\/div>\n\t\t<\/div>\n\t\t\t\t\t<\/div>\n\t\t<\/section>\n\t\t\t\t<\/div>\n\t\t","protected":false},"excerpt":{"rendered":"<p>En esta web encontrar\u00e1s los apuntes necesarios para poder preparar la asignatura de F\u00edsica de 2\u00ba de Bachillerato. Estos apuntes han sido elaborados desde el 2021 hasta el 2024 con la finalidad de ayudarte con la prueba de acceso a la universidad (EVAU) de Madrid tal y como se ha planteado hasta el curso 2023\/2024. [&hellip;]<\/p>\n","protected":false},"author":1,"featured_media":2384,"parent":0,"menu_order":0,"comment_status":"closed","ping_status":"closed","template":"","meta":{"om_disable_all_campaigns":false,"_monsterinsights_skip_tracking":false,"_monsterinsights_sitenote_active":false,"_monsterinsights_sitenote_note":"","_monsterinsights_sitenote_category":0,"site-sidebar-layout":"no-sidebar","site-content-layout":"page-builder","ast-site-content-layout":"default","site-content-style":"default","site-sidebar-style":"default","ast-global-header-display":"","ast-banner-title-visibility":"","ast-main-header-display":"","ast-hfb-above-header-display":"","ast-hfb-below-header-display":"","ast-hfb-mobile-header-display":"","site-post-title":"disabled","ast-breadcrumbs-content":"","ast-featured-img":"disabled","footer-sml-layout":"","ast-disable-related-posts":"","theme-transparent-header-meta":"","adv-header-id-meta":"","stick-header-meta":"","header-above-stick-meta":"","header-main-stick-meta":"","header-below-stick-meta":"","astra-migrate-meta-layouts":"default","ast-page-background-enabled":"default","ast-page-background-meta":{"desktop":{"background-color":"","background-image":"","background-repeat":"repeat","background-position":"center center","background-size":"auto","background-attachment":"scroll","background-type":"","background-media":"","overlay-type":"","overlay-color":"","overlay-opacity":"","overlay-gradient":""},"tablet":{"background-color":"","background-image":"","background-repeat":"repeat","background-position":"center center","background-size":"auto","background-attachment":"scroll","background-type":"","background-media":"","overlay-type":"","overlay-color":"","overlay-opacity":"","overlay-gradient":""},"mobile":{"background-color":"","background-image":"","background-repeat":"repeat","background-position":"center center","background-size":"auto","background-attachment":"scroll","background-type":"","background-media":"","overlay-type":"","overlay-color":"","overlay-opacity":"","overlay-gradient":""}},"ast-content-background-meta":{"desktop":{"background-color":"var(--ast-global-color-5)","background-image":"","background-repeat":"repeat","background-position":"center center","background-size":"auto","background-attachment":"scroll","background-type":"","background-media":"","overlay-type":"","overlay-color":"","overlay-opacity":"","overlay-gradient":""},"tablet":{"background-color":"var(--ast-global-color-5)","background-image":"","background-repeat":"repeat","background-position":"center center","background-size":"auto","background-attachment":"scroll","background-type":"","background-media":"","overlay-type":"","overlay-color":"","overlay-opacity":"","overlay-gradient":""},"mobile":{"background-color":"var(--ast-global-color-5)","background-image":"","background-repeat":"repeat","background-position":"center center","background-size":"auto","background-attachment":"scroll","background-type":"","background-media":"","overlay-type":"","overlay-color":"","overlay-opacity":"","overlay-gradient":""}},"footnotes":""},"class_list":["post-2286","page","type-page","status-publish","has-post-thumbnail","hentry"],"aioseo_notices":[],"_links":{"self":[{"href":"https:\/\/enjoyyourmates.com\/index.php\/wp-json\/wp\/v2\/pages\/2286","targetHints":{"allow":["GET"]}}],"collection":[{"href":"https:\/\/enjoyyourmates.com\/index.php\/wp-json\/wp\/v2\/pages"}],"about":[{"href":"https:\/\/enjoyyourmates.com\/index.php\/wp-json\/wp\/v2\/types\/page"}],"author":[{"embeddable":true,"href":"https:\/\/enjoyyourmates.com\/index.php\/wp-json\/wp\/v2\/users\/1"}],"replies":[{"embeddable":true,"href":"https:\/\/enjoyyourmates.com\/index.php\/wp-json\/wp\/v2\/comments?post=2286"}],"version-history":[{"count":68,"href":"https:\/\/enjoyyourmates.com\/index.php\/wp-json\/wp\/v2\/pages\/2286\/revisions"}],"predecessor-version":[{"id":2402,"href":"https:\/\/enjoyyourmates.com\/index.php\/wp-json\/wp\/v2\/pages\/2286\/revisions\/2402"}],"wp:featuredmedia":[{"embeddable":true,"href":"https:\/\/enjoyyourmates.com\/index.php\/wp-json\/wp\/v2\/media\/2384"}],"wp:attachment":[{"href":"https:\/\/enjoyyourmates.com\/index.php\/wp-json\/wp\/v2\/media?parent=2286"}],"curies":[{"name":"wp","href":"https:\/\/api.w.org\/{rel}","templated":true}]}}