{"id":1895,"date":"2017-07-11T08:54:31","date_gmt":"2017-07-11T08:54:31","guid":{"rendered":"https:\/\/enjoyyourmates.com\/index.php\/home\/"},"modified":"2026-05-05T17:31:55","modified_gmt":"2026-05-05T16:31:55","slug":"home","status":"publish","type":"page","link":"https:\/\/enjoyyourmates.com\/","title":{"rendered":"Inicio"},"content":{"rendered":"<style>\/*! elementor - v3.8.1 - 13-11-2022 *\/\n.elementor-heading-title{padding:0;margin:0;line-height:1}.elementor-widget-heading .elementor-heading-title[class*=elementor-size-]>a{color:inherit;font-size:inherit;line-height:inherit}.elementor-widget-heading .elementor-heading-title.elementor-size-small{font-size:15px}.elementor-widget-heading .elementor-heading-title.elementor-size-medium{font-size:19px}.elementor-widget-heading .elementor-heading-title.elementor-size-large{font-size:29px}.elementor-widget-heading .elementor-heading-title.elementor-size-xl{font-size:39px}.elementor-widget-heading .elementor-heading-title.elementor-size-xxl{font-size:59px}<\/style>\n<h5>Aprende Matem\u00e1ticas y F\u00edsica<\/h5>\n<p>\u00bfCrees que las Matem\u00e1ticas y la F\u00edsica no pueden entretener mientras se aprenden? Consulta el contenido de \u00abEnjoy your Mates\u00bb y cambiar\u00e1s de opini\u00f3n<\/p>\n<p>\t\t\t<a href=\"https:\/\/enjoyyourmates.com\/index.php\/divulgacion\/\" target=\"_blank\" role=\"button\"><br \/>\n\t\t\t\t<svg xmlns=\"http:\/\/www.w3.org\/2000\/svg\" viewBox=\"0 0 32 32\"><path d=\"M 18.71875 6.78125 L 17.28125 8.21875 L 24.0625 15 L 4 15 L 4 17 L 24.0625 17 L 17.28125 23.78125 L 18.71875 25.21875 L 27.21875 16.71875 L 27.90625 16 L 27.21875 15.28125 Z\"><\/path><\/svg><br \/>\n\t\t\t\t\t\tVer Divulgaci\u00f3n<br \/>\n\t\t\t\t\t<\/a><br \/>\n\t\t\t<a href=\"https:\/\/enjoyyourmates.com\/index.php\/explicaciones\/\" role=\"button\"><br \/>\n\t\t\t\t\t\tVer Explicaciones<br \/>\n\t\t\t\t\t<\/a><\/p>\n<div class=\"ast-oembed-container \" style=\"height: 100%;\"><iframe title=\"\ud83d\udcdd Bad Bunny (fake) - Tit\u00ed me pregunt\u00f3 (Tit\u00ed me trinomi\u00f3) \ud83c\udfb6 M\u00fasica e IDENTIDADES NOTABLES SE UNEN\" width=\"500\" height=\"281\" src=\"https:\/\/www.youtube.com\/embed\/letNDPKQCzw?feature=oembed\" frameborder=\"0\" allow=\"accelerometer; autoplay; clipboard-write; encrypted-media; gyroscope; picture-in-picture; web-share\" referrerpolicy=\"strict-origin-when-cross-origin\" allowfullscreen><\/iframe><\/div>\n<style>\/*! elementor - v3.8.1 - 13-11-2022 *\/\n.elementor-widget-image{text-align:center}.elementor-widget-image a{display:inline-block}.elementor-widget-image a img[src$=\".svg\"]{width:48px}.elementor-widget-image img{vertical-align:middle;display:inline-block}<\/style>\n<p>\t\t\t\t\t\t\t\t\t\t\t\t\t<a href=\"https:\/\/www.instagram.com\/enjoyyourmates\/\"><br \/>\n\t\t\t\t\t\t\t<img loading=\"lazy\" decoding=\"async\" width=\"512\" height=\"512\" src=\"https:\/\/enjoyyourmates.com\/wp-content\/uploads\/2025\/02\/Enjoy-your-Mates-Instagram.png\" alt=\"\" loading=\"lazy\" srcset=\"https:\/\/enjoyyourmates.com\/wp-content\/uploads\/2025\/02\/Enjoy-your-Mates-Instagram.png 512w, https:\/\/enjoyyourmates.com\/wp-content\/uploads\/2025\/02\/Enjoy-your-Mates-Instagram-300x300.png 300w, https:\/\/enjoyyourmates.com\/wp-content\/uploads\/2025\/02\/Enjoy-your-Mates-Instagram-150x150.png 150w\" sizes=\"auto, (max-width: 512px) 100vw, 512px\" \/>\t\t\t\t\t\t\t\t<\/a><br \/>\n\t\t\t<a href=\"https:\/\/www.instagram.com\/enjoyyourmates\/\" role=\"button\"><br \/>\n\t\t\t\t\t\t\u00bfA\u00fan no me sigues en Instagram? (click aqu\u00ed)<br \/>\n\t\t\t\t\t<\/a><br \/>\n\t\t\t\t\t\t\t\t\t\t\t\t\t\t\t\t<a href=\"https:\/\/www.youtube.com\/channel\/UCWdxNnHWA-MJzvD7sp2FRKA\"><br \/>\n\t\t\t\t\t\t\t<img loading=\"lazy\" decoding=\"async\" width=\"512\" height=\"512\" src=\"https:\/\/enjoyyourmates.com\/wp-content\/uploads\/2025\/02\/Enjoy-your-Mates-Youtube.png\" alt=\"\" loading=\"lazy\" srcset=\"https:\/\/enjoyyourmates.com\/wp-content\/uploads\/2025\/02\/Enjoy-your-Mates-Youtube.png 512w, https:\/\/enjoyyourmates.com\/wp-content\/uploads\/2025\/02\/Enjoy-your-Mates-Youtube-300x300.png 300w, https:\/\/enjoyyourmates.com\/wp-content\/uploads\/2025\/02\/Enjoy-your-Mates-Youtube-150x150.png 150w\" sizes=\"auto, (max-width: 512px) 100vw, 512px\" \/>\t\t\t\t\t\t\t\t<\/a><br \/>\n\t\t\t<a href=\"https:\/\/www.youtube.com\/channel\/UCWdxNnHWA-MJzvD7sp2FRKA\" role=\"button\"><br \/>\n\t\t\t\t\t\t\u00bfA\u00fan no est\u00e1s suscrito a Youtube? (click aqu\u00ed)<br \/>\n\t\t\t\t\t<\/a><br \/>\n\t\t\t\t\t\t\t\t\t\t\t\t\t\t\t\t<a href=\"https:\/\/www.tiktok.com\/@enjoyyourmates\"><br \/>\n\t\t\t\t\t\t\t<img loading=\"lazy\" decoding=\"async\" width=\"512\" height=\"512\" src=\"https:\/\/enjoyyourmates.com\/wp-content\/uploads\/2025\/02\/Enjoy-your-Mates-Tiktok.png\" alt=\"\" loading=\"lazy\" srcset=\"https:\/\/enjoyyourmates.com\/wp-content\/uploads\/2025\/02\/Enjoy-your-Mates-Tiktok.png 512w, https:\/\/enjoyyourmates.com\/wp-content\/uploads\/2025\/02\/Enjoy-your-Mates-Tiktok-300x300.png 300w, https:\/\/enjoyyourmates.com\/wp-content\/uploads\/2025\/02\/Enjoy-your-Mates-Tiktok-150x150.png 150w\" sizes=\"auto, (max-width: 512px) 100vw, 512px\" \/>\t\t\t\t\t\t\t\t<\/a><br \/>\n\t\t\t<a href=\"https:\/\/www.tiktok.com\/@enjoyyourmates\" role=\"button\"><br \/>\n\t\t\t\t\t\t\u00bfA\u00fan no me sigues en Tiktok? (click aqu\u00ed)<br \/>\n\t\t\t\t\t<\/a><\/p>\n<h2><a href=\"https:\/\/enjoyyourmates.com\/index.php\/divulgacion\/\"><u>V\u00eddeos de divulgaci\u00f3n de Matem\u00e1ticas y F\u00edsica:<\/u><\/a><\/h2>\n<div class=\"ast-oembed-container \" style=\"height: 100%;\"><iframe title=\"\ud83d\udd25 \u00bfSabes d\u00f3nde puedo encontrar tu N\u00daMERO DE TEL\u00c9FONO? En los decimales del N\u00daMERO PI (irracional) \u2757\" width=\"500\" height=\"281\" src=\"https:\/\/www.youtube.com\/embed\/IkJPFq0_a04?feature=oembed\" frameborder=\"0\" allow=\"accelerometer; autoplay; clipboard-write; encrypted-media; gyroscope; picture-in-picture; web-share\" referrerpolicy=\"strict-origin-when-cross-origin\" allowfullscreen><\/iframe><\/div>\n<h2><a href=\"https:\/\/enjoyyourmates.com\/index.php\/explicaciones\/\"><u>Explicaciones din\u00e1micas, f\u00e1ciles y cortas del temario de Matem\u00e1ticas y F\u00edsica:<\/u><\/a><\/h2>\n<style>\/*! elementor - v3.8.1 - 13-11-2022 *\/\n.elementor-widget-image-carousel .swiper-container{position:static}.elementor-widget-image-carousel .swiper-container .swiper-slide figure{line-height:inherit}.elementor-widget-image-carousel .swiper-slide{text-align:center}.elementor-image-carousel-wrapper:not(.swiper-container-initialized) .swiper-slide{max-width:calc(100% \/ var(--e-image-carousel-slides-to-show, 3))}<\/style>\n<figure><img decoding=\"async\" src=\"https:\/\/enjoyyourmates.com\/wp-content\/uploads\/2024\/01\/maxresdefault-2.jpg\" alt=\"maxresdefault (2)\" \/><\/figure>\n<figure><img decoding=\"async\" src=\"https:\/\/enjoyyourmates.com\/wp-content\/uploads\/2024\/01\/maxresdefault-3.jpg\" alt=\"maxresdefault (3)\" \/><\/figure>\n<figure><img decoding=\"async\" src=\"https:\/\/enjoyyourmates.com\/wp-content\/uploads\/2024\/01\/maxresdefault-1.webp\" alt=\"maxresdefault (1)\" \/><\/figure>\n<figure><img decoding=\"async\" src=\"https:\/\/enjoyyourmates.com\/wp-content\/uploads\/2024\/01\/maxresdefault-5.webp\" alt=\"maxresdefault (5)\" \/><\/figure>\n<figure><img decoding=\"async\" src=\"https:\/\/enjoyyourmates.com\/wp-content\/uploads\/2024\/01\/maxresdefault-1.jpg\" alt=\"maxresdefault (1)\" \/><\/figure>\n<figure><img decoding=\"async\" src=\"https:\/\/enjoyyourmates.com\/wp-content\/uploads\/2024\/01\/maxresdefault-6.webp\" alt=\"maxresdefault (6)\" \/><\/figure>\n<figure><img decoding=\"async\" src=\"https:\/\/enjoyyourmates.com\/wp-content\/uploads\/2024\/01\/maxresdefault-4.webp\" alt=\"maxresdefault (4)\" \/><\/figure>\n<figure><img decoding=\"async\" src=\"https:\/\/enjoyyourmates.com\/wp-content\/uploads\/2024\/01\/maxresdefault.jpg\" alt=\"maxresdefault\" \/><\/figure>\n<figure><img decoding=\"async\" src=\"https:\/\/enjoyyourmates.com\/wp-content\/uploads\/2024\/01\/maxresdefault-2.webp\" alt=\"maxresdefault (2)\" \/><\/figure>\n<figure><img decoding=\"async\" src=\"https:\/\/enjoyyourmates.com\/wp-content\/uploads\/2024\/01\/maxresdefault-3.webp\" alt=\"maxresdefault (3)\" \/><\/figure>\n<figure><img decoding=\"async\" src=\"https:\/\/enjoyyourmates.com\/wp-content\/uploads\/2024\/01\/maxresdefault-7.webp\" alt=\"maxresdefault\" \/><\/figure>\n<p>\t\t\t\t\t\t\t\t\t\t\t\tAnterior<br \/>\n\t\t\t\t\t\t\t\t\t\t\t\tSiguiente<\/p>\n<figure><img decoding=\"async\" src=\"https:\/\/enjoyyourmates.com\/wp-content\/uploads\/2024\/01\/MiniaturaLogoMcdonalds.png\" alt=\"MiniaturaLogoMcdonald&#039;s\" \/><\/figure>\n<figure><img decoding=\"async\" src=\"https:\/\/enjoyyourmates.com\/wp-content\/uploads\/2024\/01\/miniatura-3.png\" alt=\"miniatura (3)\" \/><\/figure>\n<figure><img decoding=\"async\" src=\"https:\/\/enjoyyourmates.com\/wp-content\/uploads\/2024\/01\/MINIATURA-4.png\" alt=\"MINIATURA (4)\" \/><\/figure>\n<figure><img decoding=\"async\" src=\"https:\/\/enjoyyourmates.com\/wp-content\/uploads\/2024\/01\/miniatura-1.png\" alt=\"miniatura (1)\" \/><\/figure>\n<figure><img decoding=\"async\" src=\"https:\/\/enjoyyourmates.com\/wp-content\/uploads\/2024\/01\/miniatura-10.png\" alt=\"miniatura (10)\" \/><\/figure>\n<figure><img decoding=\"async\" src=\"https:\/\/enjoyyourmates.com\/wp-content\/uploads\/2024\/01\/miniatura-8.png\" alt=\"miniatura (8)\" \/><\/figure>\n<figure><img decoding=\"async\" src=\"https:\/\/enjoyyourmates.com\/wp-content\/uploads\/2024\/01\/miniatura-13.png\" alt=\"miniatura (13)\" \/><\/figure>\n<figure><img decoding=\"async\" src=\"https:\/\/enjoyyourmates.com\/wp-content\/uploads\/2024\/01\/Mbappe-al-Real-Madrid-Miniatura.png\" alt=\"Mbapp\u00e9 al Real Madrid Miniatura\" \/><\/figure>\n<figure><img decoding=\"async\" src=\"https:\/\/enjoyyourmates.com\/wp-content\/uploads\/2024\/01\/Miniatura-2.png\" alt=\"Miniatura (2)\" \/><\/figure>\n<figure><img decoding=\"async\" src=\"https:\/\/enjoyyourmates.com\/wp-content\/uploads\/2024\/01\/Miniatura-5.png\" alt=\"Miniatura (5)\" \/><\/figure>\n<figure><img decoding=\"async\" src=\"https:\/\/enjoyyourmates.com\/wp-content\/uploads\/2024\/01\/Miniatura-6.png\" alt=\"Miniatura (6)\" \/><\/figure>\n<figure><img decoding=\"async\" src=\"https:\/\/enjoyyourmates.com\/wp-content\/uploads\/2024\/01\/Miniatura-2-1.png\" alt=\"Miniatura 2\" \/><\/figure>\n<figure><img decoding=\"async\" src=\"https:\/\/enjoyyourmates.com\/wp-content\/uploads\/2024\/01\/Miniatura-7.png\" alt=\"Miniatura (7)\" \/><\/figure>\n<figure><img decoding=\"async\" src=\"https:\/\/enjoyyourmates.com\/wp-content\/uploads\/2024\/01\/miniatura-9.png\" alt=\"miniatura (9)\" \/><\/figure>\n<figure><img decoding=\"async\" src=\"https:\/\/enjoyyourmates.com\/wp-content\/uploads\/2024\/01\/miniatura-11.png\" alt=\"miniatura (11)\" \/><\/figure>\n<figure><img decoding=\"async\" src=\"https:\/\/enjoyyourmates.com\/wp-content\/uploads\/2024\/01\/miniatura-12.png\" alt=\"miniatura (12)\" \/><\/figure>\n<figure><img decoding=\"async\" src=\"https:\/\/enjoyyourmates.com\/wp-content\/uploads\/2024\/01\/Miniatura-14.png\" alt=\"Miniatura (14)\" \/><\/figure>\n<figure><img decoding=\"async\" src=\"https:\/\/enjoyyourmates.com\/wp-content\/uploads\/2024\/01\/miniatura-15.png\" alt=\"miniatura (15)\" \/><\/figure>\n<figure><img decoding=\"async\" src=\"https:\/\/enjoyyourmates.com\/wp-content\/uploads\/2024\/01\/miniatura.png\" alt=\"miniatura\" \/><\/figure>\n<p>\t\t\t\t\t\t\t\t\t\t\t\tAnterior<br \/>\n\t\t\t\t\t\t\t\t\t\t\t\tSiguiente<\/p>\n","protected":false},"excerpt":{"rendered":"<p>Aprende Matem\u00e1ticas y F\u00edsica \u00bfCrees que las Matem\u00e1ticas y la F\u00edsica no pueden entretener mientras se aprenden? Consulta el contenido de \u00abEnjoy your Mates\u00bb y cambiar\u00e1s de opini\u00f3n Ver Divulgaci\u00f3n Ver Explicaciones \u00bfA\u00fan no me sigues en Instagram? (click aqu\u00ed) \u00bfA\u00fan no est\u00e1s suscrito a Youtube? (click aqu\u00ed) \u00bfA\u00fan no me sigues en Tiktok? (click [&hellip;]<\/p>\n","protected":false},"author":1,"featured_media":0,"parent":0,"menu_order":0,"comment_status":"closed","ping_status":"open","template":"","meta":{"om_disable_all_campaigns":false,"_monsterinsights_skip_tracking":false,"_monsterinsights_sitenote_active":false,"_monsterinsights_sitenote_note":"","_monsterinsights_sitenote_category":0,"site-sidebar-layout":"no-sidebar","site-content-layout":"page-builder","ast-site-content-layout":"full-width-container","site-content-style":"unboxed","site-sidebar-style":"unboxed","ast-global-header-display":"","ast-banner-title-visibility":"","ast-main-header-display":"","ast-hfb-above-header-display":"","ast-hfb-below-header-display":"","ast-hfb-mobile-header-display":"","site-post-title":"disabled","ast-breadcrumbs-content":"","ast-featured-img":"disabled","footer-sml-layout":"","ast-disable-related-posts":"","theme-transparent-header-meta":"enabled","adv-header-id-meta":"","stick-header-meta":"","header-above-stick-meta":"","header-main-stick-meta":"","header-below-stick-meta":"","astra-migrate-meta-layouts":"set","ast-page-background-enabled":"default","ast-page-background-meta":{"desktop":{"background-color":"","background-image":"","background-repeat":"repeat","background-position":"center center","background-size":"auto","background-attachment":"scroll","background-type":"","background-media":"","overlay-type":"","overlay-color":"","overlay-opacity":"","overlay-gradient":""},"tablet":{"background-color":"","background-image":"","background-repeat":"repeat","background-position":"center center","background-size":"auto","background-attachment":"scroll","background-type":"","background-media":"","overlay-type":"","overlay-color":"","overlay-opacity":"","overlay-gradient":""},"mobile":{"background-color":"","background-image":"","background-repeat":"repeat","background-position":"center center","background-size":"auto","background-attachment":"scroll","background-type":"","background-media":"","overlay-type":"","overlay-color":"","overlay-opacity":"","overlay-gradient":""}},"ast-content-background-meta":{"desktop":{"background-color":"var(--ast-global-color-5)","background-image":"","background-repeat":"repeat","background-position":"center center","background-size":"auto","background-attachment":"scroll","background-type":"","background-media":"","overlay-type":"","overlay-color":"","overlay-opacity":"","overlay-gradient":""},"tablet":{"background-color":"var(--ast-global-color-5)","background-image":"","background-repeat":"repeat","background-position":"center center","background-size":"auto","background-attachment":"scroll","background-type":"","background-media":"","overlay-type":"","overlay-color":"","overlay-opacity":"","overlay-gradient":""},"mobile":{"background-color":"var(--ast-global-color-5)","background-image":"","background-repeat":"repeat","background-position":"center center","background-size":"auto","background-attachment":"scroll","background-type":"","background-media":"","overlay-type":"","overlay-color":"","overlay-opacity":"","overlay-gradient":""}},"footnotes":""},"class_list":["post-1895","page","type-page","status-publish","hentry"],"aioseo_notices":[],"_links":{"self":[{"href":"https:\/\/enjoyyourmates.com\/index.php\/wp-json\/wp\/v2\/pages\/1895","targetHints":{"allow":["GET"]}}],"collection":[{"href":"https:\/\/enjoyyourmates.com\/index.php\/wp-json\/wp\/v2\/pages"}],"about":[{"href":"https:\/\/enjoyyourmates.com\/index.php\/wp-json\/wp\/v2\/types\/page"}],"author":[{"embeddable":true,"href":"https:\/\/enjoyyourmates.com\/index.php\/wp-json\/wp\/v2\/users\/1"}],"replies":[{"embeddable":true,"href":"https:\/\/enjoyyourmates.com\/index.php\/wp-json\/wp\/v2\/comments?post=1895"}],"version-history":[{"count":126,"href":"https:\/\/enjoyyourmates.com\/index.php\/wp-json\/wp\/v2\/pages\/1895\/revisions"}],"predecessor-version":[{"id":3239,"href":"https:\/\/enjoyyourmates.com\/index.php\/wp-json\/wp\/v2\/pages\/1895\/revisions\/3239"}],"wp:attachment":[{"href":"https:\/\/enjoyyourmates.com\/index.php\/wp-json\/wp\/v2\/media?parent=1895"}],"curies":[{"name":"wp","href":"https:\/\/api.w.org\/{rel}","templated":true}]}}